{"id":101,"date":"2019-11-01T18:41:54","date_gmt":"2019-11-01T18:41:54","guid":{"rendered":"http:\/\/scoalanegresti.ro\/?page_id=101"},"modified":"2025-05-15T06:08:11","modified_gmt":"2025-05-15T06:08:11","slug":"viziunea-misiunea-tinte-strategice","status":"publish","type":"page","link":"https:\/\/scoalanegresti.ro\/","title":{"rendered":"Viziunea, Misiunea, \u021ainte Strategice"},"content":{"rendered":"\n<h2 class=\"wp-block-heading\"><strong>VIZIUNEA \u015eCOLII<\/strong><\/h2>\n\n\n\n<p><strong><em>&nbsp;&nbsp;Pe termen lung, \u015ecoala Gimnazial\u0103 \u201eDUMITRU ALMA\u015e \u201d, Negre\u015fti, \u00ee\u015fi propune promovarea unui \u00eenv\u0103\u0163\u0103m\u00e2nt de calitate, modern, flexibil, stimulativ \u015fi creativ, bazat pe experien\u0163\u0103 \u015fi performan\u0163\u0103, pe tradi\u0163ii \u015fi valori, interculturalitate, \u00eentr-un real parteneriat \u015fcoal\u0103-familie-comunitate.<\/em><\/strong><\/p>\n\n\n\n<h2 class=\"wp-block-heading\">MISIUNEA \u015eCOLII<\/h2>\n\n\n\n<p><strong><em>\u015ecoala Gimnazial\u0103 \u201eDUMITRU ALMA\u015e \u201d, Negre\u015fti, \u00ee\u0219i propune s\u0103 dezvolte un mediu intercultural favorabil \u00eenv\u0103\u021b\u0103rii, s\u0103 le ofere elevilor o \u0219ans\u0103 \u00een educa\u021bie prin dezvoltarea deprinderilor, \u00eembog\u0103\u021birea cuno\u0219tin\u021belor \u0219i prin modelarea personalit\u0103\u021bii lor. De asemenea, dore\u0219te s\u0103 devin\u0103 axa comunit\u0103\u021bii, bazat\u0103 pe valori \u0219i principii, cu o personalitate bine definit\u0103 ce va deriva din conexiunea cu tradi\u021bia local\u0103.<\/em><\/strong><\/p>\n\n\n\n<h2 class=\"wp-block-heading\"><strong>\u0162INTE STRATEGICE<\/strong><\/h2>\n\n\n\n<p><strong>1.\nAsigurarea cre\u0219terii calit\u0103\u021bii \u00een educa\u021bie pentru toate domeniile \u0219i to\u021bi\nindicatorii din standardele de acreditare \u0219i evaluare permanent\u0103 a unit\u0103\u021bilor\nde \u00eenv\u0103\u021b\u0103m\u00e2nt&nbsp;&nbsp; preuniversitar;<\/strong><\/p>\n\n\n\n<p><strong>2.Proiectarea\nunui sistem propriu de monitorizare \u0219i evaluare a activit\u0103\u021bii \u00een vederea\ncre\u0219terii performan\u021belor elevilor;<\/strong><\/p>\n\n\n\n<p><strong>3.Prevenirea\ne\u0219ecului \u0219colar, reducerea abandonului \u0219i includerea tuturor elevilor \u00eentr-o\nform\u0103 de \u0219colarizare;<\/strong><\/p>\n\n\n\n<p><strong>4.Gestionarea, \u00eentre\u021binerea \u0219i men\u021binerea func\u021bionalit\u0103\u021bii patrimoniului \u0219colii;<\/strong><\/p>\n\n\n\n<p><strong>5. Cre\u0219terea prestigiului \u0219colii \u0219i diversificarea rela\u021biilor de parteneriat cu comunitatea local\u0103 \u0219i cu alte institu\u021bii, promov\u00e2nd imaginea \u0219colii.<\/strong><\/p>\n","protected":false},"excerpt":{"rendered":"<p>VIZIUNEA \u015eCOLII &nbsp;&nbsp;Pe termen lung, \u015ecoala Gimnazial\u0103 \u201eDUMITRU ALMA\u015e \u201d, Negre\u015fti, \u00ee\u015fi propune promovarea unui \u00eenv\u0103\u0163\u0103m\u00e2nt de calitate, modern, flexibil, stimulativ \u015fi creativ, bazat pe experien\u0163\u0103 \u015fi performan\u0163\u0103, pe tradi\u0163ii \u015fi valori, interculturalitate, \u00eentr-un real parteneriat \u015fcoal\u0103-familie-comunitate. MISIUNEA \u015eCOLII \u015ecoala Gimnazial\u0103 \u201eDUMITRU ALMA\u015e \u201d, Negre\u015fti, \u00ee\u0219i propune s\u0103 dezvolte un mediu intercultural favorabil \u00eenv\u0103\u021b\u0103rii, s\u0103 [&hellip;]<\/p>\n","protected":false},"author":1,"featured_media":0,"parent":0,"menu_order":1,"comment_status":"closed","ping_status":"closed","template":"","meta":{"footnotes":""},"class_list":["post-101","page","type-page","status-publish","hentry"],"_links":{"self":[{"href":"https:\/\/scoalanegresti.ro\/index.php?rest_route=\/wp\/v2\/pages\/101","targetHints":{"allow":["GET"]}}],"collection":[{"href":"https:\/\/scoalanegresti.ro\/index.php?rest_route=\/wp\/v2\/pages"}],"about":[{"href":"https:\/\/scoalanegresti.ro\/index.php?rest_route=\/wp\/v2\/types\/page"}],"author":[{"embeddable":true,"href":"https:\/\/scoalanegresti.ro\/index.php?rest_route=\/wp\/v2\/users\/1"}],"replies":[{"embeddable":true,"href":"https:\/\/scoalanegresti.ro\/index.php?rest_route=%2Fwp%2Fv2%2Fcomments&post=101"}],"version-history":[{"count":2,"href":"https:\/\/scoalanegresti.ro\/index.php?rest_route=\/wp\/v2\/pages\/101\/revisions"}],"predecessor-version":[{"id":119,"href":"https:\/\/scoalanegresti.ro\/index.php?rest_route=\/wp\/v2\/pages\/101\/revisions\/119"}],"wp:attachment":[{"href":"https:\/\/scoalanegresti.ro\/index.php?rest_route=%2Fwp%2Fv2%2Fmedia&parent=101"}],"curies":[{"name":"wp","href":"https:\/\/api.w.org\/{rel}","templated":true}]}}